{"id":5,"date":"2013-08-23T15:01:52","date_gmt":"2013-08-23T15:01:52","guid":{"rendered":"http:\/\/schachschwarzwald.wordpress.com\/?page_id=1"},"modified":"2016-11-29T13:47:25","modified_gmt":"2016-11-29T11:47:25","slug":"about","status":"publish","type":"page","link":"http:\/\/sb-schwarzwald.badischer-schachverband.de\/?page_id=5","title":{"rendered":"Jugendschach"},"content":{"rendered":"<p><strong>Bezirks-Jugendmeister 2016 ausgespielt<\/strong><\/p>\n<p>Nach spannendem Verlauf folgende Spieler die diesj\u00e4hrige Bezirks-Jugendmeisterschaft am Samstag, 26.11.2016 in der Volkshochschule von Villingen gewonnen und sich f\u00fcr die Badische Jugendmeisterschaft im Januar 2017 qualifiziert. Es qualifizierten sich in den einzelnen Altersklassen:<\/p>\n<p>U10 Migunov, Alexander &#8211; Jahrgang 2007, noch vereinslos<br \/>\nU12 Khrushchev, Semjon &#8211; Jahrgang 2006, noch vereinslos<br \/>\nU14 Preu\u00df, Julian &#8211; Jahrgang 2003, SC Villingen-Schwenningen<br \/>\nU16 Margolin, Konstantin &#8211; Jahrgang 2002, SC Villingen-Schwenningen<br \/>\nU18 Lummerzheim, Pablo &#8211; Jahrgang 1999, SC Br\u00e4unlingen<br \/>\nU18w Schaadt, Sofie &#8211; Jahrgang 2000, SC Villingen-Schwenninge<\/p>\n<p>Allen Jugendlichen weiterhin viel Erfolg !<\/p>\n<p>&nbsp;<\/p>\n<p><strong>Jugend-Stadtmeisterschaft begeistert aufgenommen<\/strong><\/p>\n<p>Mit der erfreulichen Teilnehmerzahl von 27 Kindern und Jugendlichen konnte am 20. M\u00e4rz 2015 die offene Stadtmeisterschaft von Villingen-Schwenningen in der Volkshochschule durchgef\u00fchrt werden. Die jungen Stadtmeister wurden in drei Turnieren bei einer Bedenkzeit von 8 Min.\/Partie in den verschiedenen Altersklassen ermittelt. Die Wertung gewann nach Entscheidungsspiel <strong>Stefan Schwarz (Schwenningen) gegen Makar Krushev (Villingen) bei der U12<\/strong>. Bei den j\u00fcngsten Teilnehmern setzten sich die Favoriten durch. So gewann in der <strong>U8 Semir Ljuca (Villingen)<\/strong> und in der <strong>U10<\/strong> sein Bruder <strong>Rijad Ljuca (Villingen)<\/strong>. In der <strong>U18<\/strong> sicherte sich <strong>Arunn Udaykumar (Villingen)<\/strong> den Titel klar vor Silas Haselberger und Luis Santos Correa. In der <strong>U16<\/strong> gewann mit <strong>Christos Visvikis (Villingen)<\/strong> ebenfalls der Favorit, knapp vor Pablo Lummerzheim (Br\u00e4unlingen). Unter den Teilnehmern befanden sich auch vier M\u00e4dchen, Nach spannendem Stichkampf setzte sich <strong>Kassandra Visvikis<\/strong>\u00a0(<strong>Villingen)<\/strong> gegen Lisa Baumeister (Schwenningen) durch.<\/p>\n<p>&nbsp;<\/p>\n<p>&nbsp;<\/p>\n<p><strong>Offene Jugend-Stadtmeisterschaft 2015 von Villingen<\/strong><\/p>\n<p>Am <strong>Freitag, 20. M\u00e4rz 2015 findet ab 15.30 Uhr<\/strong> in der Volkshochschule am M\u00fcnsterplatz von Villingen die traditionelle Jugend-Stadtmeisterschaft f\u00fcr alle Altersklassen (U8 &#8211; U18) statt. Das Startgeld betr\u00e4gt 2 Euro. F\u00fcr die Sieger winken Pokale und Sachpreise sowie ein M\u00e4dchenpreis. Die Anmeldung kann vorab an den Turnierleiter Remy Heimers, <strong>Heimersrem@aol.com <\/strong>abgegeben werden.<\/p>\n<p><strong>Erfreuliche Ergebnisse bei Badischer Jugendmeisterschaft<br \/>\n<\/strong><\/p>\n<p>An der Badischen Jugendmeisterschaft vom 02.-06. Januar 2015 in Karlsruhe (U20-U14) und Ettlingen (U12-U8) nahmen insgesamt 9 Jugendliche vom Bezirk Schwarzwald in allen m\u00e4nnlichen Altersklassen teil. Dabei konnte <strong>Arunn Udaykumar U18<\/strong>\u00a0vom SC Villingen in einem starken Teilnehmerfeld einschlie\u00dflich U20 den 14. Platz erreichen. Spannender verlief das Turnier in der <strong>U16<\/strong> f\u00fcr <strong>Christos Visvikis<\/strong>\u00a0vom SC Villingen, der mit 4,0 Punkten und nur einer Niederlage unter 23 Teilnehmern auf den 11. Platz kam. <strong>Pablo Lummerzheim<\/strong> vom SC Br\u00e4unlingen landete als Neuling bei einem solch anspruchsvollen Turnier auf dem 21. Platz. Gute Erfahrung bei seiner ersten Teilnahme an der &#8222;Badischen&#8220; sammelte <strong>Konstantin Margolin<\/strong> vom SV Schwenningen in der <strong>U14<\/strong>, denn er erreichte immerhin mit 4,0 Punkten den 8. Platz unter 19 Teilnehmern. \u00a0Sein erstes &#8222;Lehrgeld&#8220; an dieser Meisterschaft musste <strong>Frank Schwarz<\/strong> vom SC Villingen in der <strong>U12<\/strong> bezahlen, denn es reichte vorerst nur zum 36. Platz unter 47 Teilnehmern. In der <strong>U10<\/strong> gelang <strong>Tim Burggraf<\/strong> vom SC Villingen mit 4,5 Punkten ein beachtlicher 7. Platz unter den &#8222;Top 10&#8220;. Den 22. Platz schaffte der noch unerfahrene <strong>Rijad Ljuca<\/strong> vom SC Villingen in dieser Altersklasse. \u00a0Noch besser erging es seinem Bruder <strong>Semir Ljuca<\/strong> in der offenen <strong>U8,<\/strong> denn mit 5,0 Punkten erreichte er einen hervorragenden 3.Platz. Da auch au\u00dferhalb des Schachturnier den insgesamt 164 Jugendlichen ein buntes Rahmenprogramm geboten wurde, erlebten die Teilnehmer ein wundersch\u00f6nes Event zusammen mit ihren Betreuern.<\/p>\n<p><strong>Christos Visvikis f\u00e4hrt zur Deutschen Jugendmeisterschaft nach Magdeburg<\/strong><\/p>\n<p>Nach der Qualifikation an der Badischen Jugendmeisterschaft im Januar und dem Vorbereitungs-Lehrgang in Baden-Baden im Mai auf die DJEM wird Christos Visvikis vom SC Villingen die Interessen des Bezirks Schwarzwald und des Badischen Schachverbandes an der Deutschen Jugend-Einzelmeisterschaft vertreten. Nach vielen Jahrzehnten der Abstinenz wird bei diesem Turnier der Bezirk Schwarzwald in der U14 bei knapp 50 Teilnehmern wieder mit einen Jugendlichen an den Start gehen. Die Meisterschaft, an der \u00a0insgesamt in allen Altersklassen ca. 500 Jugendliche teilnehmen, findet vom <strong>07. bis 15. Juni im Hotel Maritim in Magdeburg<\/strong> statt. Viel Erfolg !<\/p>\n<p><strong>Erfolgreiche Beteiligung bei Jugend-Stadtmeisterschaft<\/strong><\/p>\n<p>Immerhin <strong>26 Jugendliche<\/strong> hatten den Weg zur diesj\u00e4hrigen offenen Stadtmeisterschaft von Villingen gefunden. In sechs Alterklassen wurden die Meister ermittelt. Bei den J\u00fcngsten <strong>(U8)<\/strong> siegte \u00fcberlegen mit 6 aus 6 Partien <strong>Semir Ljuca<\/strong> vom SC Villingen. In der <strong>U10<\/strong> setzte sich nach einem Stichkampf am Ende <strong>Kassandra Visvikis<\/strong> gegen Tim Burggraf (beide SC Villingen) durch. Im st\u00e4rksten Jahrgang <strong>U12<\/strong>\u00a0gelang ebenfalls nach hartem Stichkampf <strong>Simon Recker<\/strong> \u00fcber Stefan Schwarz (beide vereinslos) der entscheidende Sieg. F\u00fcr die drei restlichen Jahrg\u00e4nge U14, U16 und U18 gab es ein gemeinsames Turnier. Dabei wurde <strong>Christos Visvikis, SC Villingen bei U14<\/strong>, <strong>Luis Santos Correa (vereinslos) bei U16<\/strong> und <strong>Arunn Udaykumar, SC<\/strong>\u00a0<strong>Villingen<\/strong>\u00a0<strong>bei U18<\/strong> der jeweilige Stadtmeistertitel. Bei den besten M\u00e4dchen setzte sich <strong>Veronika Spale (U18) vom SC Furtwangen<\/strong> gegen Kassandra Visvikis (U10) vom SC Villingen durch.<\/p>\n<p><strong>Offene Jugend-Stadtmeisterschaft von Villingen<br \/>\n<\/strong><\/p>\n<p>F\u00fcr Jugendliche ab dem Jahrgang 1996 und j\u00fcnger findet <strong>am Freitag, 21, M\u00e4rz 2014 ab 16.00 Uhr in der VHS in Villingen am M\u00fcnsterplatz<\/strong> die j\u00e4hrliche Jugend Stadtmeisterschaft statt. Gespielt wird in verschiedenen Altersklassen von U8 bis U18 je nach Teilnehmerzahl. Die Anmeldung beginnt um 15.30 Uhr. F\u00fcr die Sieger winken Pokale, Sachpreise und M\u00e4dchenpreis.<br \/>\nDie Startgeb\u00fchr betr\u00e4gt einheitlich 2,00 Euro.<br \/>\nSpielleiter ist Remy Heimers, Tel. 07721-963419 vom SC Villingen.<\/p>\n<p><strong>Kadertraining f\u00fcr Jugendliche<\/strong><\/p>\n<p>Erstmalig f\u00fchrt der Bezirk Schwarzwald f\u00fcr talentierte Jugendliche bis zum Alter von 14 Jahren ein Kadertraining ab 08. Februar 2014 in der VHS in Villingen durch. Die Details der Einladung finden sich unter folgendem Link\u00a0<a href=\"http:\/\/sb-schwarzwald.badischer-schachverband.de\/wp-content\/uploads\/2013\/08\/Kadertraining-f\u00fcr-Schachjugend.pdf\">Kadertraining f\u00fcr Schachjugend<\/a>\/BF<\/p>\n<p>&nbsp;<\/p>\n<p><strong>Gro\u00dfartige Teilnahme an der Badischen Jugendmeisterschaft<br \/>\n<\/strong>Nach der erfolgreichen Durchf\u00fchrung der Bezirks-Jugendmeisterschaft haben insgesamt 8 Jugendliche, welche sich in ihrer jeweiligen Alterskategorie qualifiziert hatten, erstmalig die Chance zur Teilnahme an der Badischen Jugendeinzelmeisterschaft vom 02. bis 06. Januar in Karlsruhe genutzt. Insbesondere konnte <strong>Christos Visvikis<\/strong> vom SC Villingen sich freuen, denn nach 7 Runden in der U14 konnte er mit 5 Punkten einen ausgezeichneten 3. Platz feiern, der ihm die Teilnahme an der Deutschen Jugendmeisterschaft sicherte. Dabei musste er sich nur dem Sieger Jonas Jurga (5,5P.) von der OSG Baden-Baden und Alexander Wiesner (5,0 P.) vom Karlsruher SC beugen.<br \/>\nAuf starke Konkurrenz in der U18 trafen <strong>Alexander Frei<\/strong> vom SC Donaueschingen und <strong>Arunn Udaykumar <\/strong>vom SC Villingen, denn bei 23 Teilnehmern mussten sie sich mit einem 13. und 19. Platz zufrieden geben. Auch <strong>Sil Haselberger<\/strong> vom SC Villingen in der U16 und <strong>Lisa Baumeister<\/strong> vom SC Villingen in der U14w machten erstmalig ihre Erfahrung bei dieser anspruchsvollen Meisterschaft und mussten sich mit hinteren R\u00e4ngen geschlagen geben. Nicht viel besser erging es dem Neuling Johannes M\u00fcnch vom SC Villingen unter 39 Teilnehmern in U12. Eine gute Platzierung gelang dagegen <strong>Tim Burggraf<\/strong> vom SC Villingen mit Platz 10 unter 31 Teilnehmern bei der U10. Kassandra Visvikis schaffte in der gleichen Kategorie immerhin noch einen 19. Platz. Mit etwas mehr &#8222;Fortune&#8220; h\u00e4tte der Erfolg nat\u00fcrlich noch gr\u00f6\u00dfer ausfallen k\u00f6nnen, doch wir sind froh, dass sich \u00fcberhaupt so viele Jugendliche qualifiziert hatten und dieses sch\u00f6ne Erlebnis sie bestimmt zu weiteren Anstrengungen f\u00fcr die Zukunft motiviert. \/BF<br \/>\nN\u00e4here Details und Bilder siehe <span style=\"color: #ff0000;\"><a href=\"http:\/\/bjem2014.sjb.badischer-schachverband.de\"><span style=\"color: #ff0000;\">unter<\/span><\/a><\/span>\u00a0Badische Jugend-Einzelmeisterschaft 2014.\/BF<\/p>\n<p>&nbsp;<\/p>\n<p>Nachstehende Bilder stammen von der Bezirks-Jugendmeisterschaft<\/p>\n<p><img decoding=\"async\" loading=\"lazy\" class=\"alignnone size-medium wp-image-328\" style=\"color: #333333;\" src=\"http:\/\/sb-schwarzwald.badischer-schachverband.de\/wp-content\/uploads\/2013\/08\/Turniersaal1-300x225.jpg\" alt=\"OLYMPUS DIGITAL CAMERA\" width=\"300\" height=\"225\" srcset=\"http:\/\/sb-schwarzwald.badischer-schachverband.de\/wp-content\/uploads\/2013\/08\/Turniersaal1-300x225.jpg 300w, http:\/\/sb-schwarzwald.badischer-schachverband.de\/wp-content\/uploads\/2013\/08\/Turniersaal1-1024x768.jpg 1024w, http:\/\/sb-schwarzwald.badischer-schachverband.de\/wp-content\/uploads\/2013\/08\/Turniersaal1-619x464.jpg 619w, http:\/\/sb-schwarzwald.badischer-schachverband.de\/wp-content\/uploads\/2013\/08\/Turniersaal1.jpg 2048w\" sizes=\"(max-width: 300px) 100vw, 300px\" \/><a href=\"http:\/\/sb-schwarzwald.badischer-schachverband.de\/wp-content\/uploads\/2013\/08\/U16-20-Teilnehmer.jpg\"><img decoding=\"async\" loading=\"lazy\" class=\"alignnone size-medium wp-image-326\" src=\"http:\/\/sb-schwarzwald.badischer-schachverband.de\/wp-content\/uploads\/2013\/08\/U16-20-Teilnehmer-300x225.jpg\" alt=\"OLYMPUS DIGITAL CAMERA\" width=\"300\" height=\"225\" srcset=\"http:\/\/sb-schwarzwald.badischer-schachverband.de\/wp-content\/uploads\/2013\/08\/U16-20-Teilnehmer-300x225.jpg 300w, http:\/\/sb-schwarzwald.badischer-schachverband.de\/wp-content\/uploads\/2013\/08\/U16-20-Teilnehmer-1024x768.jpg 1024w, http:\/\/sb-schwarzwald.badischer-schachverband.de\/wp-content\/uploads\/2013\/08\/U16-20-Teilnehmer-619x464.jpg 619w, http:\/\/sb-schwarzwald.badischer-schachverband.de\/wp-content\/uploads\/2013\/08\/U16-20-Teilnehmer.jpg 2048w\" sizes=\"(max-width: 300px) 100vw, 300px\" \/><\/a><\/p>\n<p><a href=\"http:\/\/sb-schwarzwald.badischer-schachverband.de\/wp-content\/uploads\/2013\/08\/U16-20-Teilnehmer.jpg\"><br \/>\n<span style=\"color: #000000;\">Voller Turniersaal \u00a0 \u00a0 \u00a0 \u00a0 \u00a0 \u00a0 \u00a0 \u00a0 \u00a0 \u00a0 \u00a0 \u00a0 \u00a0 \u00a0 \u00a0 \u00a0 \u00a0 \u00a0 \u00a0 \u00a0 \u00a0 \u00a0 \u00a0 \u00a0 \u00a0 \u00a0 \u00a0 \u00a0 \u00a0 \u00a0 \u00a0 \u00a0 Teilnehmer \u00a0U16 -U20<\/span><\/a><\/p>\n<p><a href=\"http:\/\/sb-schwarzwald.badischer-schachverband.de\/wp-content\/uploads\/2013\/08\/U14-Teilnehmer.jpg\"><img decoding=\"async\" loading=\"lazy\" class=\"alignnone size-medium wp-image-327\" src=\"http:\/\/sb-schwarzwald.badischer-schachverband.de\/wp-content\/uploads\/2013\/08\/U14-Teilnehmer-300x225.jpg\" alt=\"OLYMPUS DIGITAL CAMERA\" width=\"300\" height=\"225\" srcset=\"http:\/\/sb-schwarzwald.badischer-schachverband.de\/wp-content\/uploads\/2013\/08\/U14-Teilnehmer-300x225.jpg 300w, http:\/\/sb-schwarzwald.badischer-schachverband.de\/wp-content\/uploads\/2013\/08\/U14-Teilnehmer-1024x768.jpg 1024w, http:\/\/sb-schwarzwald.badischer-schachverband.de\/wp-content\/uploads\/2013\/08\/U14-Teilnehmer-619x464.jpg 619w, http:\/\/sb-schwarzwald.badischer-schachverband.de\/wp-content\/uploads\/2013\/08\/U14-Teilnehmer.jpg 2048w\" sizes=\"(max-width: 300px) 100vw, 300px\" \/><\/a><a href=\"http:\/\/sb-schwarzwald.badischer-schachverband.de\/wp-content\/uploads\/2013\/08\/U10.jpg\"><img decoding=\"async\" loading=\"lazy\" class=\"alignnone size-medium wp-image-337\" src=\"http:\/\/sb-schwarzwald.badischer-schachverband.de\/wp-content\/uploads\/2013\/08\/U10-300x225.jpg\" alt=\"OLYMPUS DIGITAL CAMERA\" width=\"300\" height=\"225\" srcset=\"http:\/\/sb-schwarzwald.badischer-schachverband.de\/wp-content\/uploads\/2013\/08\/U10-300x225.jpg 300w, http:\/\/sb-schwarzwald.badischer-schachverband.de\/wp-content\/uploads\/2013\/08\/U10-1024x768.jpg 1024w, http:\/\/sb-schwarzwald.badischer-schachverband.de\/wp-content\/uploads\/2013\/08\/U10-619x464.jpg 619w, http:\/\/sb-schwarzwald.badischer-schachverband.de\/wp-content\/uploads\/2013\/08\/U10.jpg 2048w\" sizes=\"(max-width: 300px) 100vw, 300px\" \/><\/a><br \/>\nTeilnehmer U14 \u00a0 \u00a0 \u00a0 \u00a0 \u00a0 \u00a0 \u00a0 \u00a0 \u00a0 \u00a0 \u00a0 \u00a0 \u00a0 \u00a0 \u00a0 \u00a0 \u00a0 \u00a0 \u00a0 \u00a0 \u00a0 \u00a0 \u00a0 \u00a0 \u00a0 \u00a0 \u00a0 \u00a0 \u00a0 \u00a0 \u00a0 \u00a0 \u00a0 \u00a0Teilnehmer U10<\/p>\n<h1><span style=\"text-decoration: underline; color: #0000ff;\"><strong>Gro\u00dfe Begeisterung bei Bezirks-Jugendmeisterschaft<\/strong><\/span><\/h1>\n<p><span style=\"color: #000000;\">Mit 42 Teilnehmern aus 7 Vereinen des Bezirks Schwarzwald verzeichnete am 30. November die Jugendmeisterschaft in der Volkshochschule \u00a0Villingen einen neuen Rekord. Trotz der Dominanz von 38 Jungen, mussten sich die 4 M\u00e4dchen jedoch keineswegs spielerisch verstecken. Bezirks-Jugendleiter Remy Heimers war hoch erfreut \u00fcber so viel Zuspruch und konnte zusammen mit den weiteren Helfern vom SC Villingen ein interessantes und spannendes Turnier in den einzelnen Klassen von U6-U20 absolvieren. Mit \u00fcber 19 Teilnehmern stellte Villingen den L\u00f6wenanteil, gefolgt von Schwenningen mit 8, Br\u00e4unlingen 3, K\u00f6nigsfeld und Bad D\u00fcrrheim 2 und Donaueschingen 1. Weitere 3 Jugendliche konnten nicht zugeordnet werden. F\u00fcr die F\u00f6rderung der Jugendarbeit gelang mit dieser Veranstaltung ein herausragender Erfolg. Die siegreichen Spieler erhielten sch\u00f6ne Pokale und Preise im Rahmen einer anschlie\u00dfenden Weihnachtsfeier.<\/span><\/p>\n<p><strong>Sieger in den jeweiligen Klassen wurden:<\/strong><br \/>\nU 8 \u00a0 \u00a0 <strong>Semir Ljuca, SC Villingen<\/strong> &#8211; bei den Jungen<br \/>\nU10 \u00a0 <strong>Kassandra Visvikis, SC Villingen<\/strong> bei den M\u00e4dchen und <strong>Tim Burggraf, SC Villingen<\/strong> bei den Jungen<br \/>\nU12 \u00a0<strong>Johannes M\u00fcnch, SC Villingen<\/strong> &#8211; bei den Jungen<br \/>\nU14 \u00a0<strong>Lisa Baumeister, SC Villingen<\/strong> &#8211; bei den M\u00e4dchen und <strong>Christos Visvikis, SC Villingen<\/strong> bei den Jungen<br \/>\nU16 \u00a0<strong>Silas Haselberger, SC Villingen<\/strong> &#8211; bei den Jungen<br \/>\nU18 <strong>Veronika Spale, SC Furtwangen\/V.<\/strong> &#8211; bei den M\u00e4dchen und <strong>Alexander Frei, SC Donaueschingen<\/strong> bei den Jungen<br \/>\nU20 <strong>Ali Gadirli, SC Villingen<\/strong> &#8211; bei den Jungen<\/p>\n<p>Die Sieger haben die Berechtigung erhalten an den Badischen Meisterschaften im kommenden Jahr teilzunehmen; f\u00fcr die U14 &#8211; U20 vom 02. bis 06. Januar in der Sportschule Sch\u00f6neck in Karlsruhe, f\u00fcr die U8 &#8211; U12 vom 03. bis 05. Januar 2014 in Ettlingen bei Karlsruhe. \u00a0Einen Link zur Schachjugend findet man weiter unten.<\/p>\n<p><span style=\"text-decoration: underline;\"><strong>Einladung zur Jugend-Bezirksmeisterschaft 2013<\/strong><\/span><\/p>\n<p>Am <strong>Samstag, 30. November<\/strong> findet um 10.00 Uhr die diesjaehrige Jugendmeisterschaft in allen Altersklassen (U8-U20) in der Volkshochschule in Villingen am Muensterplatz statt. Die Anmeldung sollte bis spaetestens 09.45 Uhr oder zuvor an den zustaendigen Bezirks-Jugendleiter Remy Heimers per eMail oder Telefon erfolgen. Naehere Details siehe unter dem nachfolgenden Link zur Ankuendigung, welche sich zum Ausdrucken und vervielf\u00e4ltigen eignet.<br \/>\n<a href=\"http:\/\/sb-schwarzwald.badischer-schachverband.de\/wp-content\/uploads\/2013\/08\/Jugendbezirksmeisterschaften_Ank\u00fcndigung.doc\">Jugendbezirksmeisterschaften_Ankuendigung<\/a><\/p>\n<p>&nbsp;<\/p>\n<p><strong>Daniel M\u00fcller vom Talentstuetzpunkt besucht SC Villingen<\/strong><br \/>\nZum Kennenlernen vom Bezirk Schwarzwald und dem Jugendtraining beim SC Villingen kam der Kaderleiter f\u00fcr die Jugend im Bezirk Alb\/Schwarzwald in die Volkshochschule nach Villingen. Dabei wurden neue Kontakte geknuepft und M\u00f6glichkeiten zur Jugendfoerderung besprochen.<\/p>\n<p>&nbsp;<\/p>\n<p><strong>Kassandra Visvikis spielt erfolgreich bei Baden-Wuerttemberg-Mannschaftsmeisterschaft der M\u00e4dchen<\/strong><\/p>\n<p>Mit beeindruckenden 7 Mannschaftssiegen und \u00a0herausragenden 26,0:2,0 Brettpunkten haben sich die M\u00e4dchen in der Altersklasse U14 der OSG Baden-Baden den Titel als BaWue-Mannschaftsmeister gesichert. Den klaren Start-Ziel-Erfolg in Baden-Baden holten die Spielerinnen Olga Weis, Chelsea Fesselier, Silke Becker und Gastspielerin aus Villingen, Kassandra Visvikis. Erfolgreichste Einzelspielerin mit 100%- Punkteausbeute war u.a. Kassandra Visvikis ! Weitere Details siehe unter dem nachstehenden Link der Schachjugend Baden.<\/p>\n<p>&nbsp;<\/p>\n<p><strong>Deutscher Schulschachkongress in Hannover<\/strong><\/p>\n<p>&nbsp;<\/p>\n<p>Vom 01- bis 3. November findet in Hannover der diesj\u00e4hrige Schulschachkongress \u00a0statt. Hier gibt es zahlreiche Anregungen zur F\u00f6rderung des Schachspiels f\u00fcr die Deutsche Schachjugend und die Lehrer. \u00a0N\u00e4here Einzelheiten siehe ebenfalls unter dem Link der Schachjugend Baden.<\/p>\n<ul>\n<li><a href=\"http:\/\/www.sjb.badischer-schachverband.de\"><span style=\"color: #800080;\">Schachjugend Baden<\/span><\/a><\/li>\n<li><a href=\"http:\/\/www.deutsche-schachjugend.de\">Deutsche Schachjugend<\/a><\/li>\n<\/ul>\n","protected":false},"excerpt":{"rendered":"<p>Bezirks-Jugendmeister 2016 ausgespielt Nach spannendem Verlauf folgende Spieler die diesj\u00e4hrige Bezirks-Jugendmeisterschaft am Samstag, 26.11.2016 in der Volkshochschule von Villingen gewonnen und sich f\u00fcr die Badische Jugendmeisterschaft im Januar 2017 qualifiziert. Es qualifizierten sich in den einzelnen Altersklassen: U10 Migunov, Alexander &#8211; Jahrgang 2007, noch vereinslos U12 Khrushchev, Semjon &#8211; Jahrgang 2006, noch vereinslos U14 Preu\u00df, [&hellip;]<\/p>\n","protected":false},"author":1,"featured_media":0,"parent":0,"menu_order":0,"comment_status":"closed","ping_status":"closed","template":"","meta":[],"_links":{"self":[{"href":"http:\/\/sb-schwarzwald.badischer-schachverband.de\/index.php?rest_route=\/wp\/v2\/pages\/5"}],"collection":[{"href":"http:\/\/sb-schwarzwald.badischer-schachverband.de\/index.php?rest_route=\/wp\/v2\/pages"}],"about":[{"href":"http:\/\/sb-schwarzwald.badischer-schachverband.de\/index.php?rest_route=\/wp\/v2\/types\/page"}],"author":[{"embeddable":true,"href":"http:\/\/sb-schwarzwald.badischer-schachverband.de\/index.php?rest_route=\/wp\/v2\/users\/1"}],"replies":[{"embeddable":true,"href":"http:\/\/sb-schwarzwald.badischer-schachverband.de\/index.php?rest_route=%2Fwp%2Fv2%2Fcomments&post=5"}],"version-history":[{"count":39,"href":"http:\/\/sb-schwarzwald.badischer-schachverband.de\/index.php?rest_route=\/wp\/v2\/pages\/5\/revisions"}],"predecessor-version":[{"id":677,"href":"http:\/\/sb-schwarzwald.badischer-schachverband.de\/index.php?rest_route=\/wp\/v2\/pages\/5\/revisions\/677"}],"wp:attachment":[{"href":"http:\/\/sb-schwarzwald.badischer-schachverband.de\/index.php?rest_route=%2Fwp%2Fv2%2Fmedia&parent=5"}],"curies":[{"name":"wp","href":"https:\/\/api.w.org\/{rel}","templated":true}]}}