{"id":215,"date":"2013-09-29T14:05:05","date_gmt":"2013-09-29T12:05:05","guid":{"rendered":"http:\/\/sb-schwarzwald.badischer-schachverband.de\/?page_id=215"},"modified":"2017-06-20T01:02:40","modified_gmt":"2017-06-19T23:02:40","slug":"seniorenschach","status":"publish","type":"page","link":"http:\/\/sb-schwarzwald.badischer-schachverband.de\/?page_id=215","title":{"rendered":"Seniorenschach"},"content":{"rendered":"<h1>Bezirks-Senioren-Einzelmeisterschaft 2017<\/h1>\n<p>Am <strong>Dienstag, 20. Juni 2017 ab 14 Uhr<\/strong> findet wieder das traditionelle Walter-KF-Haas Gedenkturnier im neuen Seniorenzentrum &#8222;Im Welvert&#8220;, Konrad-Adenauer-Str. 6-8 in 78050 VS-Villingen, Cafeteria 3. Stock, statt. Dieses Turnier mit 20 Min. Bedenkzeit\/pro Spieler \u00fcber 7 Runden im Schweizer-System dient zugleich als Bezirks-Einzelmeisterschaft f\u00fcr die Senioren und Nestoren im Bezirk Schwarzwald. Alle Senioren ab Jahrgang 1957 sind hierzu herzlich eingeladen.<\/p>\n<h1><strong>Badische Senioren-Einzelmeisterschaft 2015<\/strong><\/h1>\n<p>In diesem Jahr wird die BSEM erstmalig zusammen mit dem Schachverband W\u00fcrttemberg vom 03. bis 11. Juli 2015 im Kurhaus von Freudenstadt veranstaltet. Das Turnier wird \u00fcber 9 Runden im CH-System mit einer Bedenkzeit von \u00a090 Min.\/40 Z\u00fcge + 30 Min. f\u00fcr Rest der Partie + 30 Sek.\/Zug Bonus ab dem ersten Zug ausgetragen. Start ist am Freitag ab 15.45 Uhr, sonst jeweils ab 09.30 Uhr. <span style=\"color: #ff0000;\"><a title=\"BSEM 2015\" href=\"http:\/\/seniorenschach.eu\"><span style=\"color: #ff0000;\">Ausschreibung<\/span><\/a><\/span><\/p>\n<h1>Badische Senioren-Mannschaftsmeisterschaft 2014\/15<\/h1>\n<p>In der ersten Zwischenrunde um die BSMM 2015 erhielt Donaueschingen (1561) zu Hause gegen Engen (1792) eine \u00a01:3 Niederlage. Dagegen konnte Villingen (1896) in Schopfheim (1659) mit 3:1 erfolgreich abschneiden. Nach der Auslosung der 2. Runde empf\u00e4ngt Villingen bis sp\u00e4testens 07. Juni nun die SG Lahr\/Gr-Bohlsbach (1957) in der &#8222;Bertholdsh\u00f6he&#8220;.<\/p>\n<h1>Villingen I erneut Bezirksmeister 2015<\/h1>\n<p>Nach einem spannenden Wettkampf in der 5. Runde gegen Donaueschingen sicherte sich das erste Seniorenteam von Villingen mit Hans-Joachim Dittmar, Dietmar Klostermann, Bernd Fugmann und Peter Cerff am 07. Januar den wiederholten Titel des Bezirks-Mannschaftsmeisters. Obwohl Andrei Janovics im letzten Spiel verhindert war, gelang den Villingern trotzdem ein glatter 4:0 Sieg. Ohne Niederlage, 10 MP \u00a0und 18,5 \u00a0BP von 20 m\u00f6glichen war am Ende die erfolgreiche Bilanz. Auf den 2.Platz kamen die Senioren von Donaueschingen, ganz knapp vor Villingen II, Furtwangen\/V\u00f6hr., Neustadt und K\u00f6nigsfeld. Hiermit hat Villingen wieder souver\u00e4n die Qualifikation zur Teilnahme an der Zwischenrunde zur Badischen Meisterschaft erreicht.<\/p>\n<h1>Villinger Senioren scheitern knapp an SG Lahr\/Offenburg<\/h1>\n<p>In der zweiten Zwischenrunde kam es zwischen den Senioren vom SC Villingen und der SG Lahr\/Offenburg am 07. Juni zum entscheidenden Wettkampf um den Einzug ins Finale der Badischen Senioren-Mannschaftsmeisterschaft. Obwohl der starke Gegner vom Bezirk Ortenau nach DWZ klar \u00fcberlegen war, kam es zu einem spannenden Duell in der Villinger &#8222;Bertholdsh\u00f6he&#8220;. Zun\u00e4chst konnte Andrei Janovics in einem Springerendspiel gegen J. Stulz ein Remis erzielen. Danach gelang es dem Bezirksvorsitzenden Bernd Fugmann durch einen Doppelangriff am K\u00f6nigs- und Damenfl\u00fcgel Fritz Meyer, Ehrenpr\u00e4sident des BSV sogar einen ganzen Punkt abzunehmen. Als sich abzeichnete, dass Dietmar Klostermann gegen Peter Hurst ein Remis gelingt, lag die ganze Spannung nun auf der Entscheidung am ersten Brett zwischen Hans-Joachim Dittmar und Berthold Kopp. Leider musste sich der Villinger im Bauernendspiel geschlagen geben, so dass die Berliner Wertung beim Endstand von 2:2 zugunsten von Lahr\/Offenburg ausging, welches damit am 05.07.2014 in Bad Herrenalb um die BSMM k\u00e4mpfen darf.<\/p>\n<h1><\/h1>\n<h1>Seniorenteams aus Villingen werden Meister und Vizemeister<\/h1>\n<p>Nach Abschluss der Spielsaison 2013\/2014 belegen die beiden Villinger Mannschaften Platz 1 und 2 in der Tabelle. Dabei gelang den favorisierten Senioren von Villingen I (DWZ 1894) mit 14 MP eine maximale Punktzahl vor weiteren 7 Mannschaften. F\u00fcr Villingen I holten Hans-Joachim Dittmar, Dietmar Klostermann, Juri Makarov und Andrei Janovics den Titel des Bezirks-Seniorenmeisters. Einen sch\u00f6nen Erfolg schaffte auch Villingen II, welches mit Bernd Fugmann, Klaus-Peter Grasmeyer, Peter Siegert und Hermann Schneider auf den 2. Platz vor Neustadt, Donaueschingen, Furtwangen\/V\u00f6hr., K\u00f6nigsfeld und Neustadt II kam. Villingen wird nun in der Zwischenrunde um die Badische Senioren-MM auf Bad S\u00e4ckingen und Lahr\/Offenburg treffen.<\/p>\n<h1><\/h1>\n<h1>Schwenningen zieht Seniorenmannschaft zur\u00fcck<\/h1>\n<h4>Wegen nicht ausreichender Spielerkapazit\u00e4t hat Schwenningen f\u00fcr die Saison 2013\/2014 seine Seniorenmannschaft nachtr\u00e4glich am 01. Oktober 2013 offiziell wieder abgemeldet. Damit fallen die bereits angesetzten Termine f\u00fcr die einzelnen Runden weg.<\/h4>\n<h2><strong style=\"font-size: 2em;\"><br \/>\nAktive Senioren im Bezirk Schwarzwald<\/strong><\/h2>\n<p>Mit 6 Vereinen und 8 Mannschaften verf\u00fcgt der Bezirk in der Saison 2013\/2014 \u00fcber eine beachtenswerte Anzahl von aktiven Senioren.<\/p>\n<p>In der Saison 2012\/2013 konnte die 1. Mannschaft von <strong>Villingen<\/strong> vor Donaueschingen und Villingen II ungeschlagener Meister werden.<br \/>\nBei der Badischen Mannschaftsmeisterschaft der Senioren in Achern gelang Villingen im Jahre 2011 ein guter 3. Platz im Finale.<br \/>\nIn der Saison 2012\/2013 scheiterte Villingen ganz knapp gegen Freiburg Z\u00e4hringen durch ein 2:2 Unentschieden mit schlechterer Berliner Wertung am Einzug ins Finale.<\/p>\n<p>Bei der <strong>Badischen Einzelmeisterschaft 2013<\/strong> der Senioren in Birkenfeld belegte <strong>Georg Bartle<\/strong> vom SC Donaueschingen den 25. Platz und konnte in der Nestoren-Wertung (&gt; 75 Jahre) sogar den 1. Platz belegen. Auch beim &#8222;Seniorenblitz&#8220; vertrat er den Bezirk Schwarzwald sehr erfolgreich auf dem Siegerpodest. Bravo !<\/p>\n<p>Noch weiter oben engagierte sich \u00a0<strong>Hans-Joachim Dittmar<\/strong> bei der <strong>Deutschen Senioren-Einzelmeisterschaft 2013<\/strong> in Oberhof\/Th\u00fcringen. Bei starker Konkurrenz holte er immerhin mit 4,5 Punkten aus 9 Runden , d.h. 50% und kam damit punktgleich auf den 64. &#8211; 91. Platz von 154 Teilnehmern. Bravo !<\/p>\n<p><a href=\"http:\/\/www.schachbund.de\/senioren\/\"><span style=\"color: #ff0000;\"><span style=\"color: #ff0000;\">\u00a0<\/span><\/span><\/a><\/p>\n<p>&nbsp;<\/p>\n<p><span style=\"color: #ff0000;\"><strong><span style=\"color: #ff0000;\"><a title=\"Bezirk Schwarzwald\" href=\"http:\/\/bsv-ergebnisdienst.de\/?p1=2:pa:SNA-13-1\">Link<\/a><\/span><\/strong><\/span><span style=\"color: #ff0000;\"><span style=\"color: #ff0000;\"><br \/>\n<\/span><\/span><\/p>\n","protected":false},"excerpt":{"rendered":"<p>Bezirks-Senioren-Einzelmeisterschaft 2017 Am Dienstag, 20. Juni 2017 ab 14 Uhr findet wieder das traditionelle Walter-KF-Haas Gedenkturnier im neuen Seniorenzentrum &#8222;Im Welvert&#8220;, Konrad-Adenauer-Str. 6-8 in 78050 VS-Villingen, Cafeteria 3. Stock, statt. Dieses Turnier mit 20 Min. Bedenkzeit\/pro Spieler \u00fcber 7 Runden im Schweizer-System dient zugleich als Bezirks-Einzelmeisterschaft f\u00fcr die Senioren und Nestoren im Bezirk Schwarzwald. Alle [&hellip;]<\/p>\n","protected":false},"author":2,"featured_media":0,"parent":0,"menu_order":0,"comment_status":"open","ping_status":"open","template":"","meta":[],"_links":{"self":[{"href":"http:\/\/sb-schwarzwald.badischer-schachverband.de\/index.php?rest_route=\/wp\/v2\/pages\/215"}],"collection":[{"href":"http:\/\/sb-schwarzwald.badischer-schachverband.de\/index.php?rest_route=\/wp\/v2\/pages"}],"about":[{"href":"http:\/\/sb-schwarzwald.badischer-schachverband.de\/index.php?rest_route=\/wp\/v2\/types\/page"}],"author":[{"embeddable":true,"href":"http:\/\/sb-schwarzwald.badischer-schachverband.de\/index.php?rest_route=\/wp\/v2\/users\/2"}],"replies":[{"embeddable":true,"href":"http:\/\/sb-schwarzwald.badischer-schachverband.de\/index.php?rest_route=%2Fwp%2Fv2%2Fcomments&post=215"}],"version-history":[{"count":19,"href":"http:\/\/sb-schwarzwald.badischer-schachverband.de\/index.php?rest_route=\/wp\/v2\/pages\/215\/revisions"}],"predecessor-version":[{"id":711,"href":"http:\/\/sb-schwarzwald.badischer-schachverband.de\/index.php?rest_route=\/wp\/v2\/pages\/215\/revisions\/711"}],"wp:attachment":[{"href":"http:\/\/sb-schwarzwald.badischer-schachverband.de\/index.php?rest_route=%2Fwp%2Fv2%2Fmedia&parent=215"}],"curies":[{"name":"wp","href":"https:\/\/api.w.org\/{rel}","templated":true}]}}